{"id":2734,"date":"2024-12-04T10:51:40","date_gmt":"2024-12-04T09:51:40","guid":{"rendered":"https:\/\/www.mylasertabac.com\/informacao-juridica\/"},"modified":"2025-07-24T00:35:47","modified_gmt":"2025-07-23T22:35:47","slug":"informacao-juridica","status":"publish","type":"page","link":"https:\/\/www.mylasertabac.com\/pt-pt\/informacao-juridica\/","title":{"rendered":"Informa\u00e7\u00e3o jur\u00eddica"},"content":{"rendered":"\n<p>Em conformidade com as disposi\u00e7\u00f5es dos artigos 6-III e 19 da Lei n.\u00ba 2004-575, de 21 de junho de 2004, relativa \u00e0 confian\u00e7a na economia digital, conhecida como L.C.E.N., informamos os utilizadores e visitantes do s\u00edtio <a href=\"https:\/\/www.mylasertabac.com\/pt-pt\/\">www.mylasertabac.com<\/a> das seguintes informa\u00e7\u00f5es:<\/p>\n\n<p><strong>EDITOR<\/strong><br\/>O s\u00edtio https:\/\/www.mylasertabac.com \u00e9 propriedade exclusiva da <strong>SARL OBJECTIF ECOLOGIE<\/strong>, que o publica.<\/p>\n\n<p><strong>OBJECTIF ECOLOGIE <\/strong><br\/>SARL com um capital de <strong>30 000 euros<\/strong><\/p>\n\n<p>Tel.: <strong>04 <\/strong>66 60 49 97<\/p>\n\n<p><strong>339 A AVENUE EMILE ANTOINE , 30340 <\/strong>MEJANNES LES ALES<br\/>Inscrito na Conservat\u00f3ria do Registo Comercial e das Sociedades <strong>de Nimes <\/strong>sob o n\u00famero <strong>920 073 475 00013<\/strong><\/p>\n\n<p>N\u00famero de IVA intracomunit\u00e1rio: <strong>FR77920073475<\/strong><br\/>Endere\u00e7o de correio eletr\u00f3nico : <strong><a href=\"mailto:infos@mylasertabac.com\">infos@mylasertabac.com<\/a><\/strong><\/p>\n\n<p>Respons\u00e1vel pela publica\u00e7\u00e3o: FORTES Florian<br\/>Contactar o respons\u00e1vel pela publica\u00e7\u00e3o: <strong><a href=\"mailto:infos@mylasertabac.com\">infos@mylasertabac.com<\/a><\/strong><\/p>\n\n<p><strong>ALOJAMENTO<\/strong><\/p>\n\n<p>O s\u00edtio est\u00e1 alojado em <strong>O2switch 222-224 Boulevard Gustave Flaubert 63000 Clermont-Ferrand<\/strong><strong><\/strong><\/p>\n\n<p><strong>CRIA\u00c7\u00c3O DE S\u00cdTIOS WEB<\/strong><\/p>\n\n<p>O s\u00edtio Web foi criado pela<strong> AUDA DESIGN<\/strong> <\/p>\n","protected":false},"excerpt":{"rendered":"<p>Em conformidade com as disposi\u00e7\u00f5es dos artigos 6-III e 19 da Lei n.\u00ba 2004-575, de 21 de junho de 2004, relativa \u00e0 confian\u00e7a na economia digital, conhecida como L.C.E.N., informamos os utilizadores e visitantes do s\u00edtio www.mylasertabac.com das seguintes informa\u00e7\u00f5es: EDITORO s\u00edtio https:\/\/www.mylasertabac.com \u00e9 propriedade exclusiva da SARL OBJECTIF ECOLOGIE, que o publica. OBJECTIF ECOLOGIE [&hellip;]<\/p>\n","protected":false},"author":1,"featured_media":0,"parent":0,"menu_order":0,"comment_status":"closed","ping_status":"closed","template":"","meta":{"inline_featured_image":false,"footnotes":""},"class_list":["post-2734","page","type-page","status-publish","hentry"],"yoast_head":"<!-- This site is optimized with the Yoast SEO plugin v27.3 - https:\/\/yoast.com\/product\/yoast-seo-wordpress\/ -->\n<title>Informa\u00e7\u00e3o jur\u00eddica - My Laser Tabac<\/title>\n<meta name=\"description\" content=\"Deseja conhecer as informa\u00e7\u00f5es jur\u00eddicas relativas \u00e0 Mylasertabac France, especialista em reflexologia auricular.\" \/>\n<meta name=\"robots\" content=\"index, follow, max-snippet:-1, max-image-preview:large, max-video-preview:-1\" \/>\n<link rel=\"canonical\" href=\"https:\/\/www.mylasertabac.com\/pt-pt\/informacao-juridica\/\" \/>\n<meta property=\"og:locale\" content=\"pt_PT\" \/>\n<meta property=\"og:type\" content=\"article\" \/>\n<meta property=\"og:title\" content=\"Informa\u00e7\u00e3o jur\u00eddica - My Laser Tabac\" \/>\n<meta property=\"og:description\" content=\"Deseja conhecer as informa\u00e7\u00f5es jur\u00eddicas relativas \u00e0 Mylasertabac France, especialista em reflexologia auricular.\" \/>\n<meta property=\"og:url\" content=\"https:\/\/www.mylasertabac.com\/pt-pt\/informacao-juridica\/\" \/>\n<meta property=\"og:site_name\" content=\"My Laser Tabac\" \/>\n<meta property=\"article:modified_time\" content=\"2025-07-23T22:35:47+00:00\" \/>\n<meta name=\"twitter:card\" content=\"summary_large_image\" \/>\n<meta name=\"twitter:label1\" content=\"Tempo estimado de leitura\" \/>\n\t<meta name=\"twitter:data1\" content=\"1 minuto\" \/>\n<script type=\"application\/ld+json\" class=\"yoast-schema-graph\">{\"@context\":\"https:\\\/\\\/schema.org\",\"@graph\":[{\"@type\":\"WebPage\",\"@id\":\"https:\\\/\\\/www.mylasertabac.com\\\/pt-pt\\\/informacao-juridica\\\/\",\"url\":\"https:\\\/\\\/www.mylasertabac.com\\\/pt-pt\\\/informacao-juridica\\\/\",\"name\":\"Informa\u00e7\u00e3o jur\u00eddica - My Laser Tabac\",\"isPartOf\":{\"@id\":\"https:\\\/\\\/www.mylasertabac.com\\\/pt-pt\\\/#website\"},\"datePublished\":\"2024-12-04T09:51:40+00:00\",\"dateModified\":\"2025-07-23T22:35:47+00:00\",\"description\":\"Deseja conhecer as informa\u00e7\u00f5es jur\u00eddicas relativas \u00e0 Mylasertabac France, especialista em reflexologia auricular.\",\"breadcrumb\":{\"@id\":\"https:\\\/\\\/www.mylasertabac.com\\\/pt-pt\\\/informacao-juridica\\\/#breadcrumb\"},\"inLanguage\":\"pt-PT\",\"potentialAction\":[{\"@type\":\"ReadAction\",\"target\":[\"https:\\\/\\\/www.mylasertabac.com\\\/pt-pt\\\/informacao-juridica\\\/\"]}]},{\"@type\":\"BreadcrumbList\",\"@id\":\"https:\\\/\\\/www.mylasertabac.com\\\/pt-pt\\\/informacao-juridica\\\/#breadcrumb\",\"itemListElement\":[{\"@type\":\"ListItem\",\"position\":1,\"name\":\"Accueil\",\"item\":\"https:\\\/\\\/www.mylasertabac.com\\\/pt-pt\\\/casa\\\/\"},{\"@type\":\"ListItem\",\"position\":2,\"name\":\"Informa\u00e7\u00e3o jur\u00eddica\"}]},{\"@type\":\"WebSite\",\"@id\":\"https:\\\/\\\/www.mylasertabac.com\\\/pt-pt\\\/#website\",\"url\":\"https:\\\/\\\/www.mylasertabac.com\\\/pt-pt\\\/\",\"name\":\"My Laser Tabac\",\"description\":\"La solution laser qui transforme les fumeurs en ex-fumeurs\",\"publisher\":{\"@id\":\"https:\\\/\\\/www.mylasertabac.com\\\/pt-pt\\\/#organization\"},\"potentialAction\":[{\"@type\":\"SearchAction\",\"target\":{\"@type\":\"EntryPoint\",\"urlTemplate\":\"https:\\\/\\\/www.mylasertabac.com\\\/pt-pt\\\/?s={search_term_string}\"},\"query-input\":{\"@type\":\"PropertyValueSpecification\",\"valueRequired\":true,\"valueName\":\"search_term_string\"}}],\"inLanguage\":\"pt-PT\"},{\"@type\":\"Organization\",\"@id\":\"https:\\\/\\\/www.mylasertabac.com\\\/pt-pt\\\/#organization\",\"name\":\"My Laser Tabac\",\"url\":\"https:\\\/\\\/www.mylasertabac.com\\\/pt-pt\\\/\",\"logo\":{\"@type\":\"ImageObject\",\"inLanguage\":\"pt-PT\",\"@id\":\"https:\\\/\\\/www.mylasertabac.com\\\/pt-pt\\\/#\\\/schema\\\/logo\\\/image\\\/\",\"url\":\"https:\\\/\\\/www.mylasertabac.com\\\/wp-content\\\/uploads\\\/2024\\\/12\\\/mlt-verteau.svg\",\"contentUrl\":\"https:\\\/\\\/www.mylasertabac.com\\\/wp-content\\\/uploads\\\/2024\\\/12\\\/mlt-verteau.svg\",\"caption\":\"My Laser Tabac\"},\"image\":{\"@id\":\"https:\\\/\\\/www.mylasertabac.com\\\/pt-pt\\\/#\\\/schema\\\/logo\\\/image\\\/\"}}]}<\/script>\n<!-- \/ Yoast SEO plugin. -->","yoast_head_json":{"title":"Informa\u00e7\u00e3o jur\u00eddica - My Laser Tabac","description":"Deseja conhecer as informa\u00e7\u00f5es jur\u00eddicas relativas \u00e0 Mylasertabac France, especialista em reflexologia auricular.","robots":{"index":"index","follow":"follow","max-snippet":"max-snippet:-1","max-image-preview":"max-image-preview:large","max-video-preview":"max-video-preview:-1"},"canonical":"https:\/\/www.mylasertabac.com\/pt-pt\/informacao-juridica\/","og_locale":"pt_PT","og_type":"article","og_title":"Informa\u00e7\u00e3o jur\u00eddica - My Laser Tabac","og_description":"Deseja conhecer as informa\u00e7\u00f5es jur\u00eddicas relativas \u00e0 Mylasertabac France, especialista em reflexologia auricular.","og_url":"https:\/\/www.mylasertabac.com\/pt-pt\/informacao-juridica\/","og_site_name":"My Laser Tabac","article_modified_time":"2025-07-23T22:35:47+00:00","twitter_card":"summary_large_image","twitter_misc":{"Tempo estimado de leitura":"1 minuto"},"schema":{"@context":"https:\/\/schema.org","@graph":[{"@type":"WebPage","@id":"https:\/\/www.mylasertabac.com\/pt-pt\/informacao-juridica\/","url":"https:\/\/www.mylasertabac.com\/pt-pt\/informacao-juridica\/","name":"Informa\u00e7\u00e3o jur\u00eddica - My Laser Tabac","isPartOf":{"@id":"https:\/\/www.mylasertabac.com\/pt-pt\/#website"},"datePublished":"2024-12-04T09:51:40+00:00","dateModified":"2025-07-23T22:35:47+00:00","description":"Deseja conhecer as informa\u00e7\u00f5es jur\u00eddicas relativas \u00e0 Mylasertabac France, especialista em reflexologia auricular.","breadcrumb":{"@id":"https:\/\/www.mylasertabac.com\/pt-pt\/informacao-juridica\/#breadcrumb"},"inLanguage":"pt-PT","potentialAction":[{"@type":"ReadAction","target":["https:\/\/www.mylasertabac.com\/pt-pt\/informacao-juridica\/"]}]},{"@type":"BreadcrumbList","@id":"https:\/\/www.mylasertabac.com\/pt-pt\/informacao-juridica\/#breadcrumb","itemListElement":[{"@type":"ListItem","position":1,"name":"Accueil","item":"https:\/\/www.mylasertabac.com\/pt-pt\/casa\/"},{"@type":"ListItem","position":2,"name":"Informa\u00e7\u00e3o jur\u00eddica"}]},{"@type":"WebSite","@id":"https:\/\/www.mylasertabac.com\/pt-pt\/#website","url":"https:\/\/www.mylasertabac.com\/pt-pt\/","name":"My Laser Tabac","description":"La solution laser qui transforme les fumeurs en ex-fumeurs","publisher":{"@id":"https:\/\/www.mylasertabac.com\/pt-pt\/#organization"},"potentialAction":[{"@type":"SearchAction","target":{"@type":"EntryPoint","urlTemplate":"https:\/\/www.mylasertabac.com\/pt-pt\/?s={search_term_string}"},"query-input":{"@type":"PropertyValueSpecification","valueRequired":true,"valueName":"search_term_string"}}],"inLanguage":"pt-PT"},{"@type":"Organization","@id":"https:\/\/www.mylasertabac.com\/pt-pt\/#organization","name":"My Laser Tabac","url":"https:\/\/www.mylasertabac.com\/pt-pt\/","logo":{"@type":"ImageObject","inLanguage":"pt-PT","@id":"https:\/\/www.mylasertabac.com\/pt-pt\/#\/schema\/logo\/image\/","url":"https:\/\/www.mylasertabac.com\/wp-content\/uploads\/2024\/12\/mlt-verteau.svg","contentUrl":"https:\/\/www.mylasertabac.com\/wp-content\/uploads\/2024\/12\/mlt-verteau.svg","caption":"My Laser Tabac"},"image":{"@id":"https:\/\/www.mylasertabac.com\/pt-pt\/#\/schema\/logo\/image\/"}}]}},"_links":{"self":[{"href":"https:\/\/www.mylasertabac.com\/pt-pt\/wp-json\/wp\/v2\/pages\/2734","targetHints":{"allow":["GET"]}}],"collection":[{"href":"https:\/\/www.mylasertabac.com\/pt-pt\/wp-json\/wp\/v2\/pages"}],"about":[{"href":"https:\/\/www.mylasertabac.com\/pt-pt\/wp-json\/wp\/v2\/types\/page"}],"author":[{"embeddable":true,"href":"https:\/\/www.mylasertabac.com\/pt-pt\/wp-json\/wp\/v2\/users\/1"}],"replies":[{"embeddable":true,"href":"https:\/\/www.mylasertabac.com\/pt-pt\/wp-json\/wp\/v2\/comments?post=2734"}],"version-history":[{"count":3,"href":"https:\/\/www.mylasertabac.com\/pt-pt\/wp-json\/wp\/v2\/pages\/2734\/revisions"}],"predecessor-version":[{"id":11986,"href":"https:\/\/www.mylasertabac.com\/pt-pt\/wp-json\/wp\/v2\/pages\/2734\/revisions\/11986"}],"wp:attachment":[{"href":"https:\/\/www.mylasertabac.com\/pt-pt\/wp-json\/wp\/v2\/media?parent=2734"}],"curies":[{"name":"wp","href":"https:\/\/api.w.org\/{rel}","templated":true}]}}