{"id":5676,"date":"2024-12-04T08:45:36","date_gmt":"2024-12-04T07:45:36","guid":{"rendered":"https:\/\/www.mylasertabac.com\/politica-de-privacidade\/"},"modified":"2025-07-24T08:11:39","modified_gmt":"2025-07-24T06:11:39","slug":"politica-de-privacidade","status":"publish","type":"page","link":"https:\/\/www.mylasertabac.com\/pt-pt\/politica-de-privacidade\/","title":{"rendered":"Pol\u00edtica de privacidade"},"content":{"rendered":"\n<h2 class=\"wp-block-heading\">Pol\u00edtica de cookies (UE)<\/h2>\n\n<p>Esta pol\u00edtica de cookies foi actualizada pela \u00faltima vez em <strong>[date du jour]<\/strong> e aplica-se aos cidad\u00e3os e residentes permanentes da Uni\u00e3o Europeia.<\/p>\n\n<h2 class=\"wp-block-heading\">1. Introdu\u00e7\u00e3o<\/h2>\n\n<p>O nosso s\u00edtio Web, <strong><a>www.mylasertabac.com<\/a><\/strong>utiliza cookies e outras tecnologias relacionadas (para simplificar, todas estas tecnologias s\u00e3o referidas como &#8220;cookies&#8221;). Os cookies tamb\u00e9m s\u00e3o colocados por terceiros contratados por n\u00f3s. Informamos-te abaixo sobre a utiliza\u00e7\u00e3o de cookies no nosso s\u00edtio.  <\/p>\n\n<h2 class=\"wp-block-heading\">2. O que s\u00e3o bolachas?<\/h2>\n\n<p>Um cookie \u00e9 um pequeno ficheiro simples enviado com as p\u00e1ginas deste s\u00edtio e armazenado pelo teu navegador no disco r\u00edgido do teu computador ou dispositivo. As informa\u00e7\u00f5es nele armazenadas podem ser reenviadas para os nossos servidores ou para os servidores dos terceiros em causa durante uma visita posterior. <\/p>\n\n<h2 class=\"wp-block-heading\">3. O que s\u00e3o gui\u00f5es?<\/h2>\n\n<p>Um script \u00e9 um peda\u00e7o de c\u00f3digo utilizado para que o nosso site funcione corretamente e de forma interactiva. Este c\u00f3digo \u00e9 executado no nosso servidor ou no teu dispositivo. <\/p>\n\n<h2 class=\"wp-block-heading\">4. O que \u00e9 uma etiqueta invis\u00edvel (ou etiqueta web)?<\/h2>\n\n<p>Uma etiqueta invis\u00edvel \u00e9 uma pequena parte invis\u00edvel de texto ou imagem num s\u00edtio Web, utilizada para controlar o tr\u00e1fego do s\u00edtio Web. Para tal, s\u00e3o armazenados v\u00e1rios dados sobre ti atrav\u00e9s destas etiquetas invis\u00edveis. <\/p>\n\n<h2 class=\"wp-block-heading\">5. Biscoitos<\/h2>\n\n<h3 class=\"wp-block-heading\">5.1 Cookies t\u00e9cnicos ou funcionais<\/h3>\n\n<p>Alguns cookies garantem que certas partes do s\u00edtio funcionam corretamente e que as tuas prefer\u00eancias enquanto utilizador s\u00e3o tidas em conta. Ao definir cookies funcionais, facilitamos a tua visita ao nosso s\u00edtio. Assim, n\u00e3o precisas de introduzir v\u00e1rias vezes as mesmas informa\u00e7\u00f5es.  <\/p>\n\n<h3 class=\"wp-block-heading\">5.2 Biscoitos estat\u00edsticos<\/h3>\n\n<p>Utilizamos cookies estat\u00edsticos para otimizar a experi\u00eancia do utilizador no nosso s\u00edtio. Estes cookies d\u00e3o-nos uma vis\u00e3o geral da forma como o s\u00edtio \u00e9 utilizado e ajudam-nos a melhor\u00e1-lo continuamente. <\/p>\n\n<h3 class=\"wp-block-heading\">5.3 Cookies de marketing\/rastreamento<\/h3>\n\n<p>Os cookies de marketing\/rastreamento s\u00e3o cookies ou qualquer outra forma de armazenamento local utilizados para criar perfis de utilizador com vista \u00e0 apresenta\u00e7\u00e3o de publicidade ou para rastrear o utilizador neste s\u00edtio ou em v\u00e1rios s\u00edtios para fins de marketing.<\/p>\n\n<h3 class=\"wp-block-heading\">5.4 Redes sociais<\/h3>\n\n<p>No nosso s\u00edtio, integr\u00e1mos conte\u00fados de plataformas sociais como o Facebook, o Instagram e o YouTube para promover os nossos servi\u00e7os. Este conte\u00fado inclui cookies destas redes, que podem seguir o teu comportamento de navega\u00e7\u00e3o. <\/p>\n\n<h2 class=\"wp-block-heading\">6. Consentimento<\/h2>\n\n<p>Quando visitares o nosso site pela primeira vez, aparecer\u00e1 uma janela pop-up a informar-te sobre os cookies. Assim que clicares em &#8220;Aceitar&#8221;, consentes a utiliza\u00e7\u00e3o de todas as categorias de cookies e plugins descritos nesta pol\u00edtica. Podes desativar a utiliza\u00e7\u00e3o de cookies atrav\u00e9s do teu browser, mas certas partes do nosso s\u00edtio podem deixar de funcionar corretamente.  <\/p>\n\n<h2 class=\"wp-block-heading\">7. Ativar\/desativar e apagar cookies<\/h2>\n\n<p>Podes utilizar o teu browser para apagar os cookies autom\u00e1tica ou manualmente. Tamb\u00e9m podes especificar que determinados cookies n\u00e3o devem ser definidos. Outra op\u00e7\u00e3o \u00e9 alterar as defini\u00e7\u00f5es do teu browser para que recebas uma mensagem sempre que um cookie \u00e9 definido. Para mais informa\u00e7\u00f5es, consulta a sec\u00e7\u00e3o de Ajuda do teu programa de navega\u00e7\u00e3o.   <\/p>\n\n<p>Tem em aten\u00e7\u00e3o que o nosso s\u00edtio pode n\u00e3o funcionar corretamente se todos os cookies estiverem desactivados.<\/p>\n\n<h2 class=\"wp-block-heading\">8. Os teus direitos relativamente aos dados pessoais<\/h2>\n\n<p>Tens os seguintes direitos:<\/p>\n\n<ul class=\"wp-block-list\">\n<li>Direito de acesso aos teus dados pessoais<\/li>\n\n\n\n<li>Direito de retifica\u00e7\u00e3o<\/li>\n\n\n\n<li>Direito ao apagamento<\/li>\n\n\n\n<li>Direito de restringir o tratamento<\/li>\n\n\n\n<li>Direito de oposi\u00e7\u00e3o<\/li>\n\n\n\n<li>Direito \u00e0 portabilidade dos dados<\/li>\n\n\n\n<li>Direito de apresentar uma queixa \u00e0 autoridade competente (CNIL)<\/li>\n<\/ul>\n\n<p>Para exerceres estes direitos, contacta-nos atrav\u00e9s do seguinte endere\u00e7o:<br\/>\ud83d\udce7 <strong><a>contact@mylasertabac.com<\/a><\/strong><\/p>\n\n<h2 class=\"wp-block-heading\">9. Dados de contacto<\/h2>\n\n<p>Se tiveres alguma d\u00favida sobre a nossa pol\u00edtica de cookies, contacta-nos atrav\u00e9s de :<\/p>\n\n<p><strong>MyLaserTabac<\/strong><br\/>\ud83d\udccd Endere\u00e7o : 339 A avenue emile Antoine 30340 Mejanne les Ales<br\/>\ud83d\udce7 Email : <strong><a>contact@mylasertabac.com<\/a><\/strong><br\/>\ud83c\udf10 Site : <a>www.mylasertabac.com<\/a><\/p>\n\n<p><\/p>\n","protected":false},"excerpt":{"rendered":"<p>Pol\u00edtica de cookies (UE) Esta pol\u00edtica de cookies foi actualizada pela \u00faltima vez em [date du jour] e aplica-se aos cidad\u00e3os e residentes permanentes da Uni\u00e3o Europeia. 1. Introdu\u00e7\u00e3o O nosso s\u00edtio Web, www.mylasertabac.comutiliza cookies e outras tecnologias relacionadas (para simplificar, todas estas tecnologias s\u00e3o referidas como &#8220;cookies&#8221;). Os cookies tamb\u00e9m s\u00e3o colocados por terceiros [&hellip;]<\/p>\n","protected":false},"author":1,"featured_media":0,"parent":0,"menu_order":0,"comment_status":"closed","ping_status":"open","template":"","meta":{"inline_featured_image":false,"footnotes":""},"class_list":["post-5676","page","type-page","status-publish","hentry"],"yoast_head":"<!-- This site is optimized with the Yoast SEO plugin v27.4 - https:\/\/yoast.com\/product\/yoast-seo-wordpress\/ -->\n<title>Pol\u00edtica de privacidade - My Laser Tabac<\/title>\n<meta name=\"description\" content=\"Gostarias de ver a pol\u00edtica de confidencialidade do nosso site Mylasertabac, o especialista em abstin\u00eancia de tabaco, a\u00e7\u00facar, \u00e1lcool e can\u00e1bis.\" \/>\n<meta name=\"robots\" content=\"index, follow, max-snippet:-1, max-image-preview:large, max-video-preview:-1\" \/>\n<link rel=\"canonical\" href=\"https:\/\/www.mylasertabac.com\/pt-pt\/politica-de-privacidade\/\" \/>\n<meta property=\"og:locale\" content=\"pt_PT\" \/>\n<meta property=\"og:type\" content=\"article\" \/>\n<meta property=\"og:title\" content=\"Pol\u00edtica de privacidade - My Laser Tabac\" \/>\n<meta property=\"og:description\" content=\"Gostarias de ver a pol\u00edtica de confidencialidade do nosso site Mylasertabac, o especialista em abstin\u00eancia de tabaco, a\u00e7\u00facar, \u00e1lcool e can\u00e1bis.\" \/>\n<meta property=\"og:url\" content=\"https:\/\/www.mylasertabac.com\/pt-pt\/politica-de-privacidade\/\" \/>\n<meta property=\"og:site_name\" content=\"My Laser Tabac\" \/>\n<meta property=\"article:modified_time\" content=\"2025-07-24T06:11:39+00:00\" \/>\n<meta name=\"twitter:card\" content=\"summary_large_image\" \/>\n<meta name=\"twitter:label1\" content=\"Tempo estimado de leitura\" \/>\n\t<meta name=\"twitter:data1\" content=\"3 minutos\" \/>\n<script type=\"application\/ld+json\" class=\"yoast-schema-graph\">{\"@context\":\"https:\\\/\\\/schema.org\",\"@graph\":[{\"@type\":\"WebPage\",\"@id\":\"https:\\\/\\\/www.mylasertabac.com\\\/pt-pt\\\/politica-de-privacidade\\\/\",\"url\":\"https:\\\/\\\/www.mylasertabac.com\\\/pt-pt\\\/politica-de-privacidade\\\/\",\"name\":\"Pol\u00edtica de privacidade - My Laser Tabac\",\"isPartOf\":{\"@id\":\"https:\\\/\\\/www.mylasertabac.com\\\/pt-pt\\\/#website\"},\"datePublished\":\"2024-12-04T07:45:36+00:00\",\"dateModified\":\"2025-07-24T06:11:39+00:00\",\"description\":\"Gostarias de ver a pol\u00edtica de confidencialidade do nosso site Mylasertabac, o especialista em abstin\u00eancia de tabaco, a\u00e7\u00facar, \u00e1lcool e can\u00e1bis.\",\"breadcrumb\":{\"@id\":\"https:\\\/\\\/www.mylasertabac.com\\\/pt-pt\\\/politica-de-privacidade\\\/#breadcrumb\"},\"inLanguage\":\"pt-PT\",\"potentialAction\":[{\"@type\":\"ReadAction\",\"target\":[\"https:\\\/\\\/www.mylasertabac.com\\\/pt-pt\\\/politica-de-privacidade\\\/\"]}]},{\"@type\":\"BreadcrumbList\",\"@id\":\"https:\\\/\\\/www.mylasertabac.com\\\/pt-pt\\\/politica-de-privacidade\\\/#breadcrumb\",\"itemListElement\":[{\"@type\":\"ListItem\",\"position\":1,\"name\":\"Accueil\",\"item\":\"https:\\\/\\\/www.mylasertabac.com\\\/pt-pt\\\/casa\\\/\"},{\"@type\":\"ListItem\",\"position\":2,\"name\":\"Pol\u00edtica de privacidade\"}]},{\"@type\":\"WebSite\",\"@id\":\"https:\\\/\\\/www.mylasertabac.com\\\/pt-pt\\\/#website\",\"url\":\"https:\\\/\\\/www.mylasertabac.com\\\/pt-pt\\\/\",\"name\":\"My Laser Tabac\",\"description\":\"La solution laser qui transforme les fumeurs en ex-fumeurs\",\"publisher\":{\"@id\":\"https:\\\/\\\/www.mylasertabac.com\\\/pt-pt\\\/#organization\"},\"potentialAction\":[{\"@type\":\"SearchAction\",\"target\":{\"@type\":\"EntryPoint\",\"urlTemplate\":\"https:\\\/\\\/www.mylasertabac.com\\\/pt-pt\\\/?s={search_term_string}\"},\"query-input\":{\"@type\":\"PropertyValueSpecification\",\"valueRequired\":true,\"valueName\":\"search_term_string\"}}],\"inLanguage\":\"pt-PT\"},{\"@type\":\"Organization\",\"@id\":\"https:\\\/\\\/www.mylasertabac.com\\\/pt-pt\\\/#organization\",\"name\":\"My Laser Tabac\",\"url\":\"https:\\\/\\\/www.mylasertabac.com\\\/pt-pt\\\/\",\"logo\":{\"@type\":\"ImageObject\",\"inLanguage\":\"pt-PT\",\"@id\":\"https:\\\/\\\/www.mylasertabac.com\\\/pt-pt\\\/#\\\/schema\\\/logo\\\/image\\\/\",\"url\":\"https:\\\/\\\/www.mylasertabac.com\\\/wp-content\\\/uploads\\\/2024\\\/12\\\/mlt-verteau.svg\",\"contentUrl\":\"https:\\\/\\\/www.mylasertabac.com\\\/wp-content\\\/uploads\\\/2024\\\/12\\\/mlt-verteau.svg\",\"caption\":\"My Laser Tabac\"},\"image\":{\"@id\":\"https:\\\/\\\/www.mylasertabac.com\\\/pt-pt\\\/#\\\/schema\\\/logo\\\/image\\\/\"}}]}<\/script>\n<!-- \/ Yoast SEO plugin. -->","yoast_head_json":{"title":"Pol\u00edtica de privacidade - My Laser Tabac","description":"Gostarias de ver a pol\u00edtica de confidencialidade do nosso site Mylasertabac, o especialista em abstin\u00eancia de tabaco, a\u00e7\u00facar, \u00e1lcool e can\u00e1bis.","robots":{"index":"index","follow":"follow","max-snippet":"max-snippet:-1","max-image-preview":"max-image-preview:large","max-video-preview":"max-video-preview:-1"},"canonical":"https:\/\/www.mylasertabac.com\/pt-pt\/politica-de-privacidade\/","og_locale":"pt_PT","og_type":"article","og_title":"Pol\u00edtica de privacidade - My Laser Tabac","og_description":"Gostarias de ver a pol\u00edtica de confidencialidade do nosso site Mylasertabac, o especialista em abstin\u00eancia de tabaco, a\u00e7\u00facar, \u00e1lcool e can\u00e1bis.","og_url":"https:\/\/www.mylasertabac.com\/pt-pt\/politica-de-privacidade\/","og_site_name":"My Laser Tabac","article_modified_time":"2025-07-24T06:11:39+00:00","twitter_card":"summary_large_image","twitter_misc":{"Tempo estimado de leitura":"3 minutos"},"schema":{"@context":"https:\/\/schema.org","@graph":[{"@type":"WebPage","@id":"https:\/\/www.mylasertabac.com\/pt-pt\/politica-de-privacidade\/","url":"https:\/\/www.mylasertabac.com\/pt-pt\/politica-de-privacidade\/","name":"Pol\u00edtica de privacidade - My Laser Tabac","isPartOf":{"@id":"https:\/\/www.mylasertabac.com\/pt-pt\/#website"},"datePublished":"2024-12-04T07:45:36+00:00","dateModified":"2025-07-24T06:11:39+00:00","description":"Gostarias de ver a pol\u00edtica de confidencialidade do nosso site Mylasertabac, o especialista em abstin\u00eancia de tabaco, a\u00e7\u00facar, \u00e1lcool e can\u00e1bis.","breadcrumb":{"@id":"https:\/\/www.mylasertabac.com\/pt-pt\/politica-de-privacidade\/#breadcrumb"},"inLanguage":"pt-PT","potentialAction":[{"@type":"ReadAction","target":["https:\/\/www.mylasertabac.com\/pt-pt\/politica-de-privacidade\/"]}]},{"@type":"BreadcrumbList","@id":"https:\/\/www.mylasertabac.com\/pt-pt\/politica-de-privacidade\/#breadcrumb","itemListElement":[{"@type":"ListItem","position":1,"name":"Accueil","item":"https:\/\/www.mylasertabac.com\/pt-pt\/casa\/"},{"@type":"ListItem","position":2,"name":"Pol\u00edtica de privacidade"}]},{"@type":"WebSite","@id":"https:\/\/www.mylasertabac.com\/pt-pt\/#website","url":"https:\/\/www.mylasertabac.com\/pt-pt\/","name":"My Laser Tabac","description":"La solution laser qui transforme les fumeurs en ex-fumeurs","publisher":{"@id":"https:\/\/www.mylasertabac.com\/pt-pt\/#organization"},"potentialAction":[{"@type":"SearchAction","target":{"@type":"EntryPoint","urlTemplate":"https:\/\/www.mylasertabac.com\/pt-pt\/?s={search_term_string}"},"query-input":{"@type":"PropertyValueSpecification","valueRequired":true,"valueName":"search_term_string"}}],"inLanguage":"pt-PT"},{"@type":"Organization","@id":"https:\/\/www.mylasertabac.com\/pt-pt\/#organization","name":"My Laser Tabac","url":"https:\/\/www.mylasertabac.com\/pt-pt\/","logo":{"@type":"ImageObject","inLanguage":"pt-PT","@id":"https:\/\/www.mylasertabac.com\/pt-pt\/#\/schema\/logo\/image\/","url":"https:\/\/www.mylasertabac.com\/wp-content\/uploads\/2024\/12\/mlt-verteau.svg","contentUrl":"https:\/\/www.mylasertabac.com\/wp-content\/uploads\/2024\/12\/mlt-verteau.svg","caption":"My Laser Tabac"},"image":{"@id":"https:\/\/www.mylasertabac.com\/pt-pt\/#\/schema\/logo\/image\/"}}]}},"_links":{"self":[{"href":"https:\/\/www.mylasertabac.com\/pt-pt\/wp-json\/wp\/v2\/pages\/5676","targetHints":{"allow":["GET"]}}],"collection":[{"href":"https:\/\/www.mylasertabac.com\/pt-pt\/wp-json\/wp\/v2\/pages"}],"about":[{"href":"https:\/\/www.mylasertabac.com\/pt-pt\/wp-json\/wp\/v2\/types\/page"}],"author":[{"embeddable":true,"href":"https:\/\/www.mylasertabac.com\/pt-pt\/wp-json\/wp\/v2\/users\/1"}],"replies":[{"embeddable":true,"href":"https:\/\/www.mylasertabac.com\/pt-pt\/wp-json\/wp\/v2\/comments?post=5676"}],"version-history":[{"count":2,"href":"https:\/\/www.mylasertabac.com\/pt-pt\/wp-json\/wp\/v2\/pages\/5676\/revisions"}],"predecessor-version":[{"id":11995,"href":"https:\/\/www.mylasertabac.com\/pt-pt\/wp-json\/wp\/v2\/pages\/5676\/revisions\/11995"}],"wp:attachment":[{"href":"https:\/\/www.mylasertabac.com\/pt-pt\/wp-json\/wp\/v2\/media?parent=5676"}],"curies":[{"name":"wp","href":"https:\/\/api.w.org\/{rel}","templated":true}]}}